{"id":189,"date":"2020-08-20T11:59:04","date_gmt":"2020-08-20T01:59:04","guid":{"rendered":"https:\/\/pablogalletto.com.br\/?page_id=189"},"modified":"2023-11-17T08:34:11","modified_gmt":"2023-11-16T21:34:11","slug":"11-opcoes-entre-massagens-terapias-corporais","status":"publish","type":"page","link":"https:\/\/pablogalletto.com.br\/en\/11-opcoes-entre-massagens-terapias-corporais\/","title":{"rendered":"11 options between Massages and Body Therapies"},"content":{"rendered":"<div class=\"wp-block-cover alignfull is-light\" style=\"min-height:450px;aspect-ratio:unset;\"><span aria-hidden=\"true\" class=\"wp-block-cover__background has-background-dim\"><\/span><img loading=\"lazy\" decoding=\"async\" width=\"941\" height=\"529\" class=\"wp-block-cover__image-background wp-image-546\" alt=\"\" src=\"https:\/\/pablogalletto.com.br\/wp-content\/uploads\/2020\/08\/crop-170-95-941-529-0-massagens-velas-acesas2.jpg\" style=\"object-position:79% 67%\" data-object-fit=\"cover\" data-object-position=\"79% 67%\" srcset=\"https:\/\/pablogalletto.com.br\/wp-content\/uploads\/2020\/08\/crop-170-95-941-529-0-massagens-velas-acesas2.jpg 941w, https:\/\/pablogalletto.com.br\/wp-content\/uploads\/2020\/08\/crop-170-95-941-529-0-massagens-velas-acesas2-300x169.jpg 300w, https:\/\/pablogalletto.com.br\/wp-content\/uploads\/2020\/08\/crop-170-95-941-529-0-massagens-velas-acesas2-768x432.jpg 768w\" sizes=\"auto, (max-width: 941px) 100vw, 941px\" \/><div class=\"wp-block-cover__inner-container is-layout-flow wp-block-cover-is-layout-flow\">\n<h1 class=\"wp-block-heading has-text-align-center has-central-palette-5-color has-text-color\" style=\"font-size:40px\">Massages<\/h1>\n\n\n\n<p class=\"has-text-align-center has-central-palette-5-color has-text-color\" style=\"font-size:19px\">Therapeutic Massage to relieve muscle pain, especially the spine<\/p>\n<\/div><\/div>\n\n\n\n<div class=\"wp-block-group\"><div class=\"wp-block-group__inner-container is-layout-flow wp-block-group-is-layout-flow\">\n<div style=\"height:50px\" aria-hidden=\"true\" class=\"wp-block-spacer\"><\/div>\n\n\n\n<blockquote class=\"wp-block-quote has-text-align-center is-style-large is-layout-flow wp-block-quote-is-layout-flow\">\n<p>\u201cCombining my expertise in physical training and bodywork therapy, our approach will begin with a conversation. We will deeply understand your needs, ensuring you receive the most appropriate therapeutic massage to promote your well-being and health.\u201d<\/p>\n<cite>- Pablo Galletto<\/cite><\/blockquote>\n\n\n\n<div style=\"height:50px\" aria-hidden=\"true\" class=\"wp-block-spacer\"><\/div>\n\n\n<div class=\"wp-block-image is-style-default\">\n<figure class=\"aligncenter size-large is-resized\"><img loading=\"lazy\" decoding=\"async\" width=\"900\" height=\"600\" src=\"https:\/\/pablogalletto.com.br\/wp-content\/uploads\/2020\/08\/massagem.jpg\" alt=\"\" class=\"wp-image-113\" style=\"width:675px;height:450px\" srcset=\"https:\/\/pablogalletto.com.br\/wp-content\/uploads\/2020\/08\/massagem.jpg 900w, https:\/\/pablogalletto.com.br\/wp-content\/uploads\/2020\/08\/massagem-300x200.jpg 300w, https:\/\/pablogalletto.com.br\/wp-content\/uploads\/2020\/08\/massagem-768x512.jpg 768w, https:\/\/pablogalletto.com.br\/wp-content\/uploads\/2020\/08\/massagem-600x400.jpg 600w\" sizes=\"auto, (max-width: 900px) 100vw, 900px\" \/><\/figure>\n<\/div><\/div><\/div>\n\n\n\n<div style=\"height:70px\" aria-hidden=\"true\" class=\"wp-block-spacer\"><\/div>\n\n\n\n<h2 class=\"wp-block-heading has-text-align-center\">Massages<\/h2>\n\n\n\n<div style=\"height:50px\" aria-hidden=\"true\" class=\"wp-block-spacer\"><\/div>\n\n\n\n<div style=\"padding-left:8%;padding-right:8%;padding-bottom:8%\" class=\"wp-block-genesis-blocks-gb-container alignfull gb-block-container\"><div class=\"gb-container-inside\"><div class=\"gb-container-content\">\n<div class=\"wp-block-genesis-blocks-gb-columns gb-layout-columns-2 gb-2-col-equal gb-columns-center alignwide\"><div class=\"gb-layout-column-wrap gb-block-layout-column-gap-6 gb-is-responsive-column\" style=\"max-width:1062px\">\n<div class=\"wp-block-genesis-blocks-gb-column gb-block-layout-column\"><div class=\"gb-block-layout-column-inner\">\n<h3 class=\"wp-block-heading\">Therapeutic massage<\/h3>\n\n\n\n<p>Massotherapy or Therapeutic massages are those that use simple hands or devices to treat muscle pain, poor blood circulation and other problems that can occur in our body.<\/p>\n\n\n\n<p>Therapeutic massages are different from aesthetic massages in that they are used as a muscle treatment, eliminating pain, helping the body in healing and not to beautify or help to lose weight.<\/p>\n\n\n\n<h3 class=\"wp-block-heading\">Sports Massage<\/h3>\n\n\n\n<p>When the musculoskeletal system is overloaded, the sportsman is vulnerable to trauma! The main symptoms presented by athletes who undergo intense physical efforts are: muscle pain, joint pain, inflammation of the tendons and the anatomical cavity.<\/p>\n\n\n\n<p>Anxiety and difficulty sleeping due to exhaustion.<\/p>\n\n\n\n<p>Massage before and after physical activity will prevent injuries and assist in the healing process of the body in addition to providing physical and mental well-being.<\/p>\n\n\n\n<h2 class=\"wp-block-heading\">Relaxing massage<\/h2>\n\n\n\n<p>Relaxing Massage lowers blood pressure, giving relaxing effects to the skin, muscles and nervous system. This technique increases the production of the hormones endorphin and oxytocin, reducing stress and reinforcing pain tolerance, in addition to providing a peaceful sleep.<\/p>\n\n\n\n<p>Use of music, lights and relaxing aromas so that you can have a unique moment and experience with yourself.<\/p>\n\n\n\n<h2 class=\"wp-block-heading\">Trigger Point Massage<\/h2>\n\n\n\n<p>For treatment of headaches, muscle, stress, localized and generalized muscle retractions.<\/p>\n\n\n\n<p>It is a point within the muscle or tendon that is hyper-constricted. This spot is painful, radiates and projects pain to other areas in the body and often causes changes in the autonomic system, such as increased secretion of sweat, cold, tears, saliva and chills.<\/p>\n\n\n\n<h3 class=\"wp-block-heading\">Foot reflexology<\/h3>\n\n\n\n<p>Foot reflexology is a relaxing massage technique that works on the entire body, but is performed only on the feet. Treatment of pathologies, muscle fatigue, stress, helps in the treatment and combines with other types of massage perfectly.<\/p>\n\n\n\n<h2 class=\"wp-block-heading\">Stretches<\/h2>\n\n\n\n<p>It is not a massage but I use the stretches before and after the massages depending on the client's needs. THE <a aria-label=\"alongamento (opens in a new tab)\" rel=\"noreferrer noopener\" href=\"https:\/\/www.amazon.com.br\/gp\/product\/8532308821\/ref=dbs_a_def_rwt_bibl_vppi_i0\" target=\"_blank\" class=\"rank-math-link\">stretching<\/a> has several goals, including warming up and muscle preparation for some physical activity, maintaining flexibility and increasing muscle flexibility which in turn increases the range of joint movement (each of these goals has a specific technique that differs over time, intensity and repetitions we do).<\/p>\n<\/div><\/div>\n\n\n\n<div class=\"wp-block-genesis-blocks-gb-column gb-block-layout-column\"><div class=\"gb-block-layout-column-inner\">\n<h3 class=\"wp-block-heading\">Lymphatic drainage<\/h3>\n\n\n\n<p>Indicated in case of swelling in the body (water retention), before and after surgery, reduction of body measures due to increased circulation, better oxygenation and nutrition of the tissues, generating better quality of life. High intensity physical training can be used the next day. (Does not remove fat from the body, does not thin, does not work miracles)<\/p>\n\n\n\n<p>Lymphatic drainage is a massage technique that aims to stimulate the lymphatic system - a complex network of vessels that move fluids throughout the body - to work more quickly. The technique is manual.<\/p>\n\n\n\n<h3 class=\"wp-block-heading\">Myofascial Release<\/h3>\n\n\n\n<p>Myofasial release consists of a technique to prevent injuries and relieve muscle pain, which applies pressure to some points or large regions of the body in order to release the fascia (fibrous tissue that covers the muscles of the body) of the muscle. Today, this technique is already commonly incorporated into physiotherapy to relax the muscles.<\/p>\n\n\n\n<p>We can use the technique to increase muscle flexibility as well as improve the \u201cdesign\u201d of the muscle, seeking a better aesthetic for some sports such as bodybuilding.<\/p>\n\n\n\n<h2 class=\"wp-block-heading\">Reiki<\/h2>\n\n\n\n<p>Reiki is a technique considered as integrative therapy, in which the therapist (or Reikian master) extends his hands under parts of the patient's body to channel universal vital energy in order to restore physical balance, regularize his vital functions and balance the mental field and emotional.<\/p>\n\n\n\n<p>It is not a religion, much less part of any. They are vibrational techniques that physics studies.<\/p>\n\n\n\n<h2 class=\"wp-block-heading\">Cupping therapy<\/h2>\n\n\n\n<p>Cupping makes use of small glass or plastic \u201ccups\u201d on the skin. And through heat or suction, a vacuum is generated between the suction cup and the skin, causing the blood flow to these areas to increase, which helps in relieving pain and speeding up muscle recovery.<\/p>\n\n\n\n<h3 class=\"wp-block-heading\">Shiatsu<\/h3>\n\n\n\n<p>Shiatsu is a therapeutic practice based on traditional oriental medicine and whose main mission is to guide its practitioners to a complete state of health and well-being. How is it achieved? Through the pressure, with the hands and fingers, of vital points of the body, which help to rebalance our internal energies, for a natural and progressive cure. Shiatsu is a Japanese word that means that - pressure (\u201catsu\u201d) with the fingers (\u201cshi\u201d).<\/p>\n<\/div><\/div>\n<\/div><\/div>\n\n\n\n<div style=\"height:10px\" aria-hidden=\"true\" class=\"wp-block-spacer\"><\/div>\n\n\n\n<div class=\"wp-block-genesis-blocks-gb-columns gb-layout-columns-1 one-column\"><div class=\"gb-layout-column-wrap gb-block-layout-column-gap-2 gb-is-responsive-column\">\n<div class=\"wp-block-genesis-blocks-gb-column gb-block-layout-column\"><div class=\"gb-block-layout-column-inner\" style=\"margin-top:13px;padding-top:40px;padding-bottom:40px\">\n<div class=\"wp-block-buttons is-content-justification-center is-horizontal is-layout-flex wp-block-buttons-is-layout-flex\">\n<div class=\"wp-block-button\"><a class=\"wp-block-button__link wp-element-button\" href=\"https:\/\/pablogalletto.com.br\/en\/formulario-de-contato\/\" style=\"border-radius:50px\">Schedule your Massage<\/a><\/div>\n<\/div>\n<\/div><\/div>\n<\/div><\/div>\n\n\n\n<div style=\"height:45px\" aria-hidden=\"true\" class=\"wp-block-spacer\"><\/div>\n<\/div><\/div><\/div>\n\n\n\n<div class=\"wp-block-cover alignfull gb-block-cta\" style=\"padding-top:2%;min-height:20em;aspect-ratio:unset;\"><span aria-hidden=\"true\" class=\"wp-block-cover__background has-background-dim-60 has-background-dim\"><\/span><img loading=\"lazy\" decoding=\"async\" width=\"900\" height=\"600\" class=\"wp-block-cover__image-background wp-image-113\" alt=\"\" src=\"https:\/\/pablogalletto.com.br\/wp-content\/uploads\/2020\/08\/massagem.jpg\" style=\"object-position:45% 34%\" data-object-fit=\"cover\" data-object-position=\"45% 34%\" srcset=\"https:\/\/pablogalletto.com.br\/wp-content\/uploads\/2020\/08\/massagem.jpg 900w, https:\/\/pablogalletto.com.br\/wp-content\/uploads\/2020\/08\/massagem-300x200.jpg 300w, https:\/\/pablogalletto.com.br\/wp-content\/uploads\/2020\/08\/massagem-768x512.jpg 768w, https:\/\/pablogalletto.com.br\/wp-content\/uploads\/2020\/08\/massagem-600x400.jpg 600w\" sizes=\"auto, (max-width: 900px) 100vw, 900px\" \/><div class=\"wp-block-cover__inner-container is-layout-flow wp-block-cover-is-layout-flow\">\n<div style=\"height:25px\" aria-hidden=\"true\" class=\"wp-block-spacer\"><\/div>\n\n\n\n<h2 class=\"wp-block-heading has-text-align-center\" style=\"font-size:42px;line-height:1\">Workouts and worksheets for beginners!<\/h2>\n\n\n\n<p class=\"has-text-align-center\" style=\"line-height:1\">Sign up, inform your goals and we will design the ideal training for you<\/p>\n\n\n\n<div class=\"wp-block-buttons is-content-justification-center is-layout-flex wp-container-core-buttons-is-layout-16018d1d wp-block-buttons-is-layout-flex\">\n<div class=\"wp-block-button has-custom-font-size gb-block-button is-style-circular\" style=\"font-size:20px;line-height:1.2\"><a class=\"wp-block-button__link has-central-palette-7-background-color has-text-color has-background wp-element-button\" href=\"https:\/\/pablogalletto.com.br\/en\/formulario-de-contato\/\" style=\"border-radius:5px;color:#ffffff;padding-top:10px;padding-right:1em;padding-bottom:10px;padding-left:1em\">REGISTER<\/a><\/div>\n<\/div>\n\n\n\n<div style=\"height:25px\" aria-hidden=\"true\" class=\"wp-block-spacer\"><\/div>\n<\/div><\/div>","protected":false},"excerpt":{"rendered":"<p>&#8220;Combinando meu expertise em treinamento f\u00edsico e terapia corporal, nossa abordagem come\u00e7ar\u00e1 com uma conversa. Entenderemos profundamente suas necessidades, garantindo que voc\u00ea receba a massagem terap\u00eautica mais adequada para promover seu bem-estar e sa\u00fade&#8221; Massagens e Terapias Corporais<\/p>","protected":false},"author":3,"featured_media":0,"parent":0,"menu_order":4,"comment_status":"closed","ping_status":"closed","template":"","meta":{"_coblocks_attr":"","_coblocks_dimensions":"","_coblocks_responsive_height":"","_coblocks_accordion_ie_support":"","_genesis_hide_title":true,"_genesis_hide_breadcrumbs":false,"_genesis_hide_singular_image":false,"_genesis_hide_footer_widgets":false,"_genesis_custom_body_class":"","_genesis_custom_post_class":"","_genesis_layout":"full-width-content","footnotes":""},"class_list":{"0":"post-189","1":"page","2":"type-page","3":"status-publish","5":"entry"},"featured_image_src":null,"featured_image_src_square":null,"_links":{"self":[{"href":"https:\/\/pablogalletto.com.br\/en\/wp-json\/wp\/v2\/pages\/189","targetHints":{"allow":["GET"]}}],"collection":[{"href":"https:\/\/pablogalletto.com.br\/en\/wp-json\/wp\/v2\/pages"}],"about":[{"href":"https:\/\/pablogalletto.com.br\/en\/wp-json\/wp\/v2\/types\/page"}],"author":[{"embeddable":true,"href":"https:\/\/pablogalletto.com.br\/en\/wp-json\/wp\/v2\/users\/3"}],"replies":[{"embeddable":true,"href":"https:\/\/pablogalletto.com.br\/en\/wp-json\/wp\/v2\/comments?post=189"}],"version-history":[{"count":3,"href":"https:\/\/pablogalletto.com.br\/en\/wp-json\/wp\/v2\/pages\/189\/revisions"}],"predecessor-version":[{"id":1251,"href":"https:\/\/pablogalletto.com.br\/en\/wp-json\/wp\/v2\/pages\/189\/revisions\/1251"}],"wp:attachment":[{"href":"https:\/\/pablogalletto.com.br\/en\/wp-json\/wp\/v2\/media?parent=189"}],"curies":[{"name":"wp","href":"https:\/\/api.w.org\/{rel}","templated":true}]}}