{"id":27,"date":"2020-08-02T22:23:50","date_gmt":"2020-08-02T22:23:50","guid":{"rendered":"https:\/\/pablogalletto.com.br\/?page_id=27"},"modified":"2023-11-17T08:48:02","modified_gmt":"2023-11-16T21:48:02","slug":"formulario-de-contato","status":"publish","type":"page","link":"https:\/\/pablogalletto.com.br\/en\/formulario-de-contato\/","title":{"rendered":"Contact Form and Registration"},"content":{"rendered":"<div class=\"wp-block-cover alignfull is-style-default\" style=\"min-height:450px;aspect-ratio:unset;\"><span aria-hidden=\"true\" class=\"wp-block-cover__background has-theme-secondary-background-color has-background-dim-60 has-background-dim\"><\/span><img loading=\"lazy\" decoding=\"async\" width=\"1280\" height=\"843\" class=\"wp-block-cover__image-background wp-image-120\" alt=\"\" src=\"https:\/\/pablogalletto.com.br\/wp-content\/uploads\/2020\/08\/ciclistas-aglomerados-em-competicao.jpg\" style=\"object-position:19% 16%\" data-object-fit=\"cover\" data-object-position=\"19% 16%\" srcset=\"https:\/\/pablogalletto.com.br\/wp-content\/uploads\/2020\/08\/ciclistas-aglomerados-em-competicao.jpg 1280w, https:\/\/pablogalletto.com.br\/wp-content\/uploads\/2020\/08\/ciclistas-aglomerados-em-competicao-300x198.jpg 300w, https:\/\/pablogalletto.com.br\/wp-content\/uploads\/2020\/08\/ciclistas-aglomerados-em-competicao-1024x674.jpg 1024w, https:\/\/pablogalletto.com.br\/wp-content\/uploads\/2020\/08\/ciclistas-aglomerados-em-competicao-768x506.jpg 768w, https:\/\/pablogalletto.com.br\/wp-content\/uploads\/2020\/08\/ciclistas-aglomerados-em-competicao-1200x790.jpg 1200w\" sizes=\"auto, (max-width: 1280px) 100vw, 1280px\" \/><div class=\"wp-block-cover__inner-container is-layout-flow wp-block-cover-is-layout-flow\">\n<h1 class=\"wp-block-heading has-text-align-center\" style=\"font-size:48px\">Contact Form and Registration<\/h1>\n\n\n\n<p class=\"has-text-align-center has-large-font-size\"><strong>I usually respond in less than 24 hours!<\/strong><\/p>\n<\/div><\/div>\n\n\n\n<div style=\"height:60px\" aria-hidden=\"true\" class=\"wp-block-spacer\"><\/div>\n\n\n\n<h2 class=\"wp-block-heading\">Message me now and I will reply within 24 hours<\/h2>\n\n\n\n<p>To schedule a massage, ask any question, or schedule a Personal Training session, please fill out the form below.<\/p>\n\n\n\n<div style=\"height:21px\" aria-hidden=\"true\" class=\"wp-block-spacer\"><\/div>\n\n\n\n\n<div class=\"wpcf7 no-js\" id=\"wpcf7-f16-o1\" lang=\"pt-BR\" dir=\"ltr\" data-wpcf7-id=\"16\">\n<div class=\"screen-reader-response\"><p role=\"status\" aria-live=\"polite\" aria-atomic=\"true\"><\/p> <ul><\/ul><\/div>\n<form action=\"\/en\/wp-json\/wp\/v2\/pages\/27#wpcf7-f16-o1\" method=\"post\" class=\"wpcf7-form init\" aria-label=\"Formul\u00e1rios de contato\" novalidate=\"novalidate\" data-status=\"init\" data-trp-original-action=\"\/en\/wp-json\/wp\/v2\/pages\/27#wpcf7-f16-o1\">\n<fieldset class=\"hidden-fields-container\"><input type=\"hidden\" name=\"_wpcf7\" value=\"16\" \/><input type=\"hidden\" name=\"_wpcf7_version\" value=\"6.1.5\" \/><input type=\"hidden\" name=\"_wpcf7_locale\" value=\"pt_BR\" \/><input type=\"hidden\" name=\"_wpcf7_unit_tag\" value=\"wpcf7-f16-o1\" \/><input type=\"hidden\" name=\"_wpcf7_container_post\" value=\"0\" \/><input type=\"hidden\" name=\"_wpcf7_posted_data_hash\" value=\"\" \/>\n<\/fieldset>\n<p><label> Name and surname<br \/>\n<span class=\"wpcf7-form-control-wrap\" data-name=\"your-name\"><input size=\"40\" maxlength=\"400\" class=\"wpcf7-form-control wpcf7-text wpcf7-validates-as-required\" aria-required=\"true\" aria-invalid=\"false\" value=\"\" type=\"text\" name=\"your-name\" \/><\/span> <\/label>\n<\/p>\n<p><label> Cell phone with area code<br \/>\n<span class=\"wpcf7-form-control-wrap\" data-name=\"Celular\"><input size=\"40\" maxlength=\"400\" class=\"wpcf7-form-control wpcf7-tel wpcf7-text wpcf7-validates-as-tel Celular\" id=\"Celular\" aria-invalid=\"false\" value=\"\" type=\"tel\" name=\"Celular\" \/><\/span> <\/label>\n<\/p>\n<p><label> Your E-mail<br \/>\n<span class=\"wpcf7-form-control-wrap\" data-name=\"your-email\"><input size=\"40\" maxlength=\"400\" class=\"wpcf7-form-control wpcf7-email wpcf7-validates-as-required wpcf7-text wpcf7-validates-as-email\" aria-required=\"true\" aria-invalid=\"false\" value=\"\" type=\"email\" name=\"your-email\" \/><\/span> <\/label>\n<\/p>\n<p><label> Please write down your message<br \/>\n<span class=\"wpcf7-form-control-wrap\" data-name=\"your-message\"><textarea cols=\"40\" rows=\"10\" maxlength=\"2000\" class=\"wpcf7-form-control wpcf7-textarea\" aria-invalid=\"false\" name=\"your-message\"><\/textarea><\/span> <\/label>\n<\/p>\n<p><input class=\"wpcf7-form-control wpcf7-submit has-spinner\" type=\"submit\" value=\"SEND\" \/>\n<\/p><div class=\"wpcf7-response-output\" aria-hidden=\"true\"><\/div>\n<input type=\"hidden\" name=\"trp-form-language\" value=\"en\"\/><\/form>\n<\/div>\n\n\n\n\n<div style=\"height:100px\" aria-hidden=\"true\" class=\"wp-block-spacer\"><\/div>","protected":false},"excerpt":{"rendered":"<p>Tome uma atitude agora, cuide da sua sa\u00fade e do seu futuro! Para agendar uma massagem, esclarecer qualquer d\u00favida ou marcar uma sess\u00e3o de Personal Training, por favor preencha o formul\u00e1rio abaixo.<\/p>","protected":false},"author":3,"featured_media":0,"parent":0,"menu_order":6,"comment_status":"closed","ping_status":"closed","template":"","meta":{"_coblocks_attr":"","_coblocks_dimensions":"","_coblocks_responsive_height":"","_coblocks_accordion_ie_support":"","_genesis_hide_title":true,"_genesis_hide_breadcrumbs":false,"_genesis_hide_singular_image":false,"_genesis_hide_footer_widgets":false,"_genesis_custom_body_class":"","_genesis_custom_post_class":"","_genesis_layout":"","footnotes":""},"class_list":{"0":"post-27","1":"page","2":"type-page","3":"status-publish","5":"entry","6":"has-post-thumbnail"},"featured_image_src":null,"featured_image_src_square":null,"_links":{"self":[{"href":"https:\/\/pablogalletto.com.br\/en\/wp-json\/wp\/v2\/pages\/27","targetHints":{"allow":["GET"]}}],"collection":[{"href":"https:\/\/pablogalletto.com.br\/en\/wp-json\/wp\/v2\/pages"}],"about":[{"href":"https:\/\/pablogalletto.com.br\/en\/wp-json\/wp\/v2\/types\/page"}],"author":[{"embeddable":true,"href":"https:\/\/pablogalletto.com.br\/en\/wp-json\/wp\/v2\/users\/3"}],"replies":[{"embeddable":true,"href":"https:\/\/pablogalletto.com.br\/en\/wp-json\/wp\/v2\/comments?post=27"}],"version-history":[{"count":3,"href":"https:\/\/pablogalletto.com.br\/en\/wp-json\/wp\/v2\/pages\/27\/revisions"}],"predecessor-version":[{"id":1263,"href":"https:\/\/pablogalletto.com.br\/en\/wp-json\/wp\/v2\/pages\/27\/revisions\/1263"}],"wp:attachment":[{"href":"https:\/\/pablogalletto.com.br\/en\/wp-json\/wp\/v2\/media?parent=27"}],"curies":[{"name":"wp","href":"https:\/\/api.w.org\/{rel}","templated":true}]}}