{"id":46,"date":"2020-08-03T01:18:58","date_gmt":"2020-08-03T01:18:58","guid":{"rendered":"https:\/\/pablogalletto.com.br\/?page_id=46"},"modified":"2023-11-17T08:34:44","modified_gmt":"2023-11-16T21:34:44","slug":"sobre","status":"publish","type":"page","link":"https:\/\/pablogalletto.com.br\/en\/sobre\/","title":{"rendered":"About me"},"content":{"rendered":"<div class=\"wp-block-cover alignfull has-custom-content-position is-position-bottom-center is-style-default\" style=\"min-height:600px;aspect-ratio:unset;\"><span aria-hidden=\"true\" class=\"wp-block-cover__background has-background-dim-0 has-background-dim\"><\/span><img loading=\"lazy\" decoding=\"async\" width=\"1600\" height=\"670\" class=\"wp-block-cover__image-background wp-image-1212\" alt=\"Pablo galletto de bra\u00e7os abertos sentado de pernas cruzadas na academia\" src=\"https:\/\/pablogalletto.com.br\/wp-content\/uploads\/2023\/09\/banner-pagina-sobre-recortada-scaled-e1695921168492.jpg\" data-object-fit=\"cover\"\/><div class=\"wp-block-cover__inner-container is-layout-flow wp-block-cover-is-layout-flow\">\n<h1 class=\"wp-block-heading has-text-align-center has-central-palette-5-color has-text-color\" style=\"font-size:48px\">About me<\/h1>\n<\/div><\/div>\n\n\n\n<div style=\"height:80px\" aria-hidden=\"true\" class=\"wp-block-spacer\"><\/div>\n\n\n\n<div class=\"wp-block-group has-small-padding\"><div class=\"wp-block-group__inner-container is-layout-flow wp-block-group-is-layout-flow\">\n<h2 class=\"wp-block-heading has-text-align-left\">Forma\u00e7\u00e3o Profissional e Especializa\u00e7\u00f5es (Brasil)<\/h2>\n\n\n\n<ul class=\"wp-block-list\">\n<li>Higher Course - Graduation \/ Physical Education, <a aria-label=\"Licenciatura (opens in a new tab)\" rel=\"noreferrer noopener\" class=\"rank-math-link\" href=\"https:\/\/esef.br\/graduacao\/licenciatura\/\" target=\"_blank\">Licenciatura<\/a> e <a aria-label=\"Bacharelado (opens in a new tab)\" rel=\"noreferrer noopener\" class=\"rank-math-link\" href=\"https:\/\/esef.br\/graduacao\/bacharelado\/\" target=\"_blank\">Bacharelado<\/a> \u2013 (ESEF)<\/li>\n\n\n\n<li>Especializa\u00e7\u00e3o em Atividade F\u00edsica Adaptada e Sa\u00fade \u2013 (FMU,)<\/li>\n\n\n\n<li>Especializa\u00e7\u00e3o em&nbsp; Fisiologia do Exerc\u00edcio. (UGF)<\/li>\n\n\n\n<li>University Extension PDE (Educational Development Program - SENAC)<\/li>\n\n\n\n<li>Classes and Internship for Master in Neuropsychology (Unifesp)<\/li>\n\n\n\n<li>CEPE - Sleep Institute - S\u00e3o Paulo \/ SP<\/li>\n\n\n\n<li>Massage Therapist<\/li>\n\n\n\n<li>Professor of Anatomy and Physiology<\/li>\n\n\n\n<li>Personal Trainer Gym Teacher (Gym and Bodybuilding)<\/li>\n\n\n\n<li>Cycling (indoor and outdoor) and running (indoor and outdoor) <\/li>\n\n\n\n<li>Classes for Special Groups, Martial Arts, Group Sport<\/li>\n\n\n\n<li>Meditation and Relaxation Classes<\/li>\n\n\n\n<li>Speaker<\/li>\n<\/ul>\n\n\n\n<div style=\"height:60px\" aria-hidden=\"true\" class=\"wp-block-spacer\"><\/div>\n\n\n\n<figure class=\"wp-block-image size-large\"><img loading=\"lazy\" decoding=\"async\" width=\"1024\" height=\"683\" src=\"https:\/\/pablogalletto.com.br\/wp-content\/uploads\/2023\/09\/pablo-bike-pb-1024x683.jpg\" alt=\"Pablo galletto na sala se spinning\" class=\"wp-image-1201\"\/><\/figure>\n\n\n\n<div style=\"height:60px\" aria-hidden=\"true\" class=\"wp-block-spacer\"><\/div>\n\n\n\n<h2 class=\"wp-block-heading has-text-align-left\">Cursos e Especializa\u00e7\u00f5es (Internacionais)<\/h2>\n\n\n\n<ul class=\"is-style-default wp-block-list\">\n<li>Certificate III in Fitness &#8211; Sydney, Austr\u00e1lia<\/li>\n\n\n\n<li>Certificate IV in Fitness (Personal Trainer) &#8211; Sydney, Austr\u00e1lia<\/li>\n\n\n\n<li>Teacher of Swimming and Water Safety &#8211; Sydney, Austr\u00e1lia<\/li>\n\n\n\n<li>Bronze Medallion \u2013 Curso de Salvamento &#8211; Hobart, Tasm\u00e2nia<\/li>\n\n\n\n<li>Lifeguard &#8211; First Aid &#8211; Sydney, Austr\u00e1lia<\/li>\n\n\n\n<li>Diploma of Leadership and Management, Hobart, Tasm\u00e2nia<\/li>\n\n\n\n<li>Advance Diploma of Leadership and Management &#8211; Hobart, Tasm\u00e2nia<\/li>\n\n\n\n<li>Bronze Medallion \u2013 Rescue Course &#8211; Hobart, Tasm\u00e2nia<\/li>\n\n\n\n<li>Diploma of Remedial Massage &#8211; Hobart, Tasm\u00e2nia<\/li>\n<\/ul>\n<\/div><\/div>\n\n\n\n<div style=\"height:90px\" aria-hidden=\"true\" class=\"wp-block-spacer\"><\/div>\n\n\n\n<div class=\"wp-block-buttons is-content-justification-center is-layout-flex wp-container-core-buttons-is-layout-16018d1d wp-block-buttons-is-layout-flex\">\n<div class=\"wp-block-button\"><a class=\"wp-block-button__link wp-element-button\" href=\"https:\/\/pablogalletto.com.br\/en\/5-modalidades-de-treinamento-fisico\/\">Workouts<\/a><\/div>\n\n\n\n<div class=\"wp-block-button\"><a class=\"wp-block-button__link wp-element-button\" href=\"https:\/\/pablogalletto.com.br\/en\/11-opcoes-entre-massagens-terapias-corporais\/\">Massages<\/a><\/div>\n\n\n\n<div class=\"wp-block-button\"><a class=\"wp-block-button__link has-background wp-element-button\" href=\"https:\/\/pablogalletto.com.br\/en\/musculacao-adequada-para-criancas-e-adolescentes\/\" style=\"background-color:#3e4b9e\">13 a 21 anos<\/a><\/div>\n<\/div>\n\n\n\n<div style=\"height:90px\" aria-hidden=\"true\" class=\"wp-block-spacer\"><\/div>\n\n\n\n<div class=\"wp-block-cover alignfull gb-block-cta\" style=\"padding-top:2%;min-height:20em;aspect-ratio:unset;\"><span aria-hidden=\"true\" class=\"wp-block-cover__background has-theme-secondary-background-color has-background-dim-70 has-background-dim\"><\/span><img loading=\"lazy\" decoding=\"async\" width=\"1280\" height=\"853\" class=\"wp-block-cover__image-background wp-image-74\" alt=\"\" src=\"https:\/\/pablogalletto.com.br\/wp-content\/uploads\/2020\/08\/nadador-mergulhando-na-piscina.jpg\" data-object-fit=\"cover\" srcset=\"https:\/\/pablogalletto.com.br\/wp-content\/uploads\/2020\/08\/nadador-mergulhando-na-piscina.jpg 1280w, https:\/\/pablogalletto.com.br\/wp-content\/uploads\/2020\/08\/nadador-mergulhando-na-piscina-300x200.jpg 300w, https:\/\/pablogalletto.com.br\/wp-content\/uploads\/2020\/08\/nadador-mergulhando-na-piscina-1024x682.jpg 1024w, https:\/\/pablogalletto.com.br\/wp-content\/uploads\/2020\/08\/nadador-mergulhando-na-piscina-768x512.jpg 768w, https:\/\/pablogalletto.com.br\/wp-content\/uploads\/2020\/08\/nadador-mergulhando-na-piscina-600x400.jpg 600w, https:\/\/pablogalletto.com.br\/wp-content\/uploads\/2020\/08\/nadador-mergulhando-na-piscina-1200x800.jpg 1200w\" sizes=\"auto, (max-width: 1280px) 100vw, 1280px\" \/><div class=\"wp-block-cover__inner-container is-layout-flow wp-block-cover-is-layout-flow\">\n<div style=\"height:25px\" aria-hidden=\"true\" class=\"wp-block-spacer\"><\/div>\n\n\n\n<h2 class=\"wp-block-heading has-text-align-center\" style=\"font-size:42px;line-height:1\">Training and worksheets for beginners and advanced!<\/h2>\n\n\n\n<p class=\"has-text-align-center\" style=\"line-height:1\">Sign up, inform your goals and we will design the ideal training for you<\/p>\n\n\n\n<div class=\"wp-block-buttons is-content-justification-center is-layout-flex wp-container-core-buttons-is-layout-16018d1d wp-block-buttons-is-layout-flex\">\n<div class=\"wp-block-button has-custom-font-size gb-block-button is-style-circular\" style=\"font-size:20px;line-height:1.2\"><a class=\"wp-block-button__link has-central-palette-7-background-color has-text-color has-background wp-element-button\" href=\"https:\/\/pablogalletto.com.br\/en\/formulario-de-contato\/\" style=\"border-radius:5px;color:#ffffff;padding-top:10px;padding-right:1em;padding-bottom:10px;padding-left:1em\">REGISTER<\/a><\/div>\n<\/div>\n\n\n\n<div style=\"height:25px\" aria-hidden=\"true\" class=\"wp-block-spacer\"><\/div>\n<\/div><\/div>","protected":false},"excerpt":{"rendered":"<p>Forma\u00e7\u00e3o Profissional e Especializa\u00e7\u00f5es (Brasil) Cursos e Especializa\u00e7\u00f5es (Internacionais)<\/p>","protected":false},"author":3,"featured_media":0,"parent":0,"menu_order":2,"comment_status":"closed","ping_status":"closed","template":"","meta":{"_coblocks_attr":"","_coblocks_dimensions":"{\"coblocks-row-72223212451\":{\"padding\":{\"paddingTop\":\"32px\",\"paddingRight\":\"32px\",\"paddingBottom\":\"32px\",\"paddingLeft\":\"32px\",\"paddingTopTablet\":null,\"paddingRightTablet\":null,\"paddingBottomTablet\":null,\"paddingLeftTablet\":null,\"paddingTopMobile\":null,\"paddingRightMobile\":null,\"paddingBottomMobile\":null,\"paddingLeftMobile\":null}},\"coblocks-media-card-72223212298\":{\"padding\":{\"paddingTop\":\"px\",\"paddingRight\":\"px\",\"paddingBottom\":\"px\",\"paddingLeft\":\"px\",\"paddingTopTablet\":null,\"paddingRightTablet\":null,\"paddingBottomTablet\":null,\"paddingLeftTablet\":null,\"paddingTopMobile\":null,\"paddingRightMobile\":null,\"paddingBottomMobile\":null,\"paddingLeftMobile\":null}}}","_coblocks_responsive_height":"","_coblocks_accordion_ie_support":"","_genesis_hide_title":true,"_genesis_hide_breadcrumbs":false,"_genesis_hide_singular_image":false,"_genesis_hide_footer_widgets":false,"_genesis_custom_body_class":"","_genesis_custom_post_class":"","_genesis_layout":"full-width-content","footnotes":""},"class_list":{"0":"post-46","1":"page","2":"type-page","3":"status-publish","5":"entry","6":"has-post-thumbnail"},"featured_image_src":null,"featured_image_src_square":null,"_links":{"self":[{"href":"https:\/\/pablogalletto.com.br\/en\/wp-json\/wp\/v2\/pages\/46","targetHints":{"allow":["GET"]}}],"collection":[{"href":"https:\/\/pablogalletto.com.br\/en\/wp-json\/wp\/v2\/pages"}],"about":[{"href":"https:\/\/pablogalletto.com.br\/en\/wp-json\/wp\/v2\/types\/page"}],"author":[{"embeddable":true,"href":"https:\/\/pablogalletto.com.br\/en\/wp-json\/wp\/v2\/users\/3"}],"replies":[{"embeddable":true,"href":"https:\/\/pablogalletto.com.br\/en\/wp-json\/wp\/v2\/comments?post=46"}],"version-history":[{"count":3,"href":"https:\/\/pablogalletto.com.br\/en\/wp-json\/wp\/v2\/pages\/46\/revisions"}],"predecessor-version":[{"id":1252,"href":"https:\/\/pablogalletto.com.br\/en\/wp-json\/wp\/v2\/pages\/46\/revisions\/1252"}],"wp:attachment":[{"href":"https:\/\/pablogalletto.com.br\/en\/wp-json\/wp\/v2\/media?parent=46"}],"curies":[{"name":"wp","href":"https:\/\/api.w.org\/{rel}","templated":true}]}}